{"id":44,"date":"2015-10-22T23:37:58","date_gmt":"2015-10-22T21:37:58","guid":{"rendered":"http:\/\/www.slrd.fr\/?page_id=44"},"modified":"2018-07-04T17:23:08","modified_gmt":"2018-07-04T15:23:08","slug":"les-picsons","status":"publish","type":"page","link":"https:\/\/www.slrd.fr\/wordpress\/les-picsons\/","title":{"rendered":"Les PICSONs"},"content":{"rendered":"<p style=\"text-align: center;\">Projet d&rsquo;xp\u00e9rience et visualisation de l&rsquo;effet isolant phonique des Picsons dans un caisson d&rsquo;exp\u00e9rience.<\/p>\n<a href=\"https:\/\/www.slrd.fr\/wordpress\/wp-content\/uploads\/2018\/07\/Copie-de-Lexpe\u0301rience-des-balles-dans-la-boite.pdf\" class=\"pdfemb-viewer\" style=\"\" data-width=\"max\" data-height=\"max\" data-toolbar=\"bottom\" data-toolbar-fixed=\"on\">Copie de L&#039;expe\u0301rience des balles dans la boite<\/a>\n<p>&nbsp;<\/p>\n<p style=\"text-align: center;\">Voici un plafond de piscine r\u00e9alis\u00e9 en PICSONS , isolation phonique, anti-r\u00e9verb\u00e9ration,et plaisir des yeux&#8230; (Impression jet-d&rsquo;encre \u00ab\u00a0king-size\u00a0\u00bb)<\/p>\n<p><img loading=\"lazy\" decoding=\"async\" class=\"alignnone size-full wp-image-201\" src=\"https:\/\/www.slrd.fr\/wordpress\/wp-content\/uploads\/2018\/07\/Fresque-finale-pre\u0301vue.jpg\" alt=\"\" width=\"1024\" height=\"410\" srcset=\"https:\/\/www.slrd.fr\/wordpress\/wp-content\/uploads\/2018\/07\/Fresque-finale-pre\u0301vue.jpg 1024w, https:\/\/www.slrd.fr\/wordpress\/wp-content\/uploads\/2018\/07\/Fresque-finale-pre\u0301vue-300x120.jpg 300w, https:\/\/www.slrd.fr\/wordpress\/wp-content\/uploads\/2018\/07\/Fresque-finale-pre\u0301vue-768x308.jpg 768w\" sizes=\"auto, (max-width: 1024px) 100vw, 1024px\" \/><\/p>\n","protected":false},"excerpt":{"rendered":"<p>Projet d&rsquo;xp\u00e9rience et visualisation de l&rsquo;effet isolant phonique des Picsons dans un caisson d&rsquo;exp\u00e9rience. &nbsp; Voici un plafond de piscine r\u00e9alis\u00e9 en PICSONS , isolation phonique, anti-r\u00e9verb\u00e9ration,et plaisir des yeux&#8230; (Impression jet-d&rsquo;encre \u00ab\u00a0king-size\u00a0\u00bb)<\/p>\n","protected":false},"author":1,"featured_media":0,"parent":0,"menu_order":0,"comment_status":"closed","ping_status":"closed","template":"","meta":{"footnotes":""},"class_list":["post-44","page","type-page","status-publish","hentry"],"_links":{"self":[{"href":"https:\/\/www.slrd.fr\/wordpress\/wp-json\/wp\/v2\/pages\/44","targetHints":{"allow":["GET"]}}],"collection":[{"href":"https:\/\/www.slrd.fr\/wordpress\/wp-json\/wp\/v2\/pages"}],"about":[{"href":"https:\/\/www.slrd.fr\/wordpress\/wp-json\/wp\/v2\/types\/page"}],"author":[{"embeddable":true,"href":"https:\/\/www.slrd.fr\/wordpress\/wp-json\/wp\/v2\/users\/1"}],"replies":[{"embeddable":true,"href":"https:\/\/www.slrd.fr\/wordpress\/wp-json\/wp\/v2\/comments?post=44"}],"version-history":[{"count":5,"href":"https:\/\/www.slrd.fr\/wordpress\/wp-json\/wp\/v2\/pages\/44\/revisions"}],"predecessor-version":[{"id":205,"href":"https:\/\/www.slrd.fr\/wordpress\/wp-json\/wp\/v2\/pages\/44\/revisions\/205"}],"wp:attachment":[{"href":"https:\/\/www.slrd.fr\/wordpress\/wp-json\/wp\/v2\/media?parent=44"}],"curies":[{"name":"wp","href":"https:\/\/api.w.org\/{rel}","templated":true}]}}