{"id":28,"date":"2015-10-22T23:27:54","date_gmt":"2015-10-22T21:27:54","guid":{"rendered":"http:\/\/www.slrd.fr\/?page_id=28"},"modified":"2025-09-11T21:10:09","modified_gmt":"2025-09-11T19:10:09","slug":"ruban-de-cloture","status":"publish","type":"page","link":"https:\/\/www.slrd.fr\/wordpress\/","title":{"rendered":"Le Ruban de Cl\u00f4ture de 1985 !"},"content":{"rendered":"<p><strong>Avant de nombreuses autres inventions, le ruban La Sangli\u00e8re vit le jour en 1985 pour r\u00e9pondre aux besoins des \u00e9leveurs de Quarter Horses \u00e0 l&rsquo;\u00e9poque, membres de l&rsquo;Association que je pr\u00e9sidais\u00a0 \u00e0 ce moment l\u00e0 (AFQH)<\/strong><\/p>\n<p>&nbsp;<\/p>\n<p><img loading=\"lazy\" decoding=\"async\" class=\" wp-image-183 alignright\" src=\"https:\/\/www.slrd.fr\/wordpress\/wp-content\/uploads\/2018\/06\/grayp10.jpg\" alt=\"\" width=\"618\" height=\"355\" srcset=\"https:\/\/www.slrd.fr\/wordpress\/wp-content\/uploads\/2018\/06\/grayp10.jpg 703w, https:\/\/www.slrd.fr\/wordpress\/wp-content\/uploads\/2018\/06\/grayp10-300x172.jpg 300w\" sizes=\"auto, (max-width: 618px) 100vw, 618px\" \/><\/p>\n<p>&nbsp;<\/p>\n<p>Invent\u00e9 en <strong>1985<\/strong> \u00e0 La Sangli\u00e8re et toujours leader.<\/p>\n<p><img loading=\"lazy\" decoding=\"async\" class=\"size-full wp-image-182 aligncenter\" src=\"https:\/\/www.slrd.fr\/wordpress\/wp-content\/uploads\/2018\/06\/br.jpg\" alt=\"\" width=\"800\" height=\"518\" srcset=\"https:\/\/www.slrd.fr\/wordpress\/wp-content\/uploads\/2018\/06\/br.jpg 800w, https:\/\/www.slrd.fr\/wordpress\/wp-content\/uploads\/2018\/06\/br-300x194.jpg 300w, https:\/\/www.slrd.fr\/wordpress\/wp-content\/uploads\/2018\/06\/br-768x497.jpg 768w\" sizes=\"auto, (max-width: 800px) 100vw, 800px\" \/><\/p>\n<p style=\"text-align: center;\">Commercialis\u00e9 sur nos sites\u00a0 :<\/p>\n<pre>USA :<a href=\"https:\/\/www.horseguardfence.com\">HorseGuardFence.com<\/a>\r\nUSA 2 :<a href=\"https:\/\/www.horseguard.us\">HorseGuard.us<\/a>\r\nCanada :<a href=\"https:\/\/www.horseguardcanada.ca\" target=\"_blank\" rel=\"noopener\"> Horseguard Canada<\/a>\r\nFrance :<a href=\"https:\/\/www.lasangliere.fr\/\">LaSangliere.fr<\/a>\r\nAustralia :<a href=\"https:\/\/www.stockguard.com.au\">StockGuard.com.au<\/a>\r\nGreat Britain :<a href=\"https:\/\/www.horseguarfrench.com\/\" target=\"_blank\" rel=\"noopener\">www.HorseGuardFrench.com<\/a>\r\nScandinavia :<a href=\"https:\/\/www.gilo.se\">www.gilo.se<\/a>\r\nItalia :<a href=\"https:\/\/www.badifarm.com\/\">www.badifarm.com<\/a>\r\nNetherlands :<a href=\"https:\/\/www.horsefriend.nl\/\">www.horsefriend.nl<\/a>\r\nBelgique :<a href=\"https:\/\/www.montyhorse.be\" target=\"_blank\" rel=\"noopener\">www.montyhorse.be<\/a>\r\nLuxembourg :<a href=\"https:\/\/www.montyhorse.be\" target=\"_blank\" rel=\"noopener\">www.montyhorse.be<\/a>\r\nSpain : <a href=\"https:\/\/horseguard.horsehouse.com\" target=\"_blank\" rel=\"noopener\">www.horsehouse.com<\/a>\r\n<span><a href=\"https:\/\/www.w3-directory.com\" target=\"_blank\" rel=\"noopener\">W3 Directory: the World Wide Web Directory<\/a><\/span>\r\n<\/pre>\n","protected":false},"excerpt":{"rendered":"<p>Avant de nombreuses autres inventions, le ruban La Sangli\u00e8re vit le jour en 1985 pour r\u00e9pondre aux besoins des \u00e9leveurs de Quarter Horses \u00e0 l&rsquo;\u00e9poque, membres de l&rsquo;Association que je pr\u00e9sidais\u00a0 \u00e0 ce moment l\u00e0 (AFQH) &nbsp; &nbsp; Invent\u00e9 en 1985 \u00e0 La Sangli\u00e8re et toujours leader. Commercialis\u00e9 sur nos sites\u00a0 : USA :HorseGuardFence.com USA &hellip; <a href=\"https:\/\/www.slrd.fr\/wordpress\/\" class=\"more-link\">Continuer la lecture de <span class=\"screen-reader-text\">Le Ruban de Cl\u00f4ture de 1985 !<\/span>  <span class=\"meta-nav\">&rarr;<\/span><\/a><\/p>\n","protected":false},"author":1,"featured_media":0,"parent":0,"menu_order":0,"comment_status":"closed","ping_status":"closed","template":"","meta":{"footnotes":""},"class_list":["post-28","page","type-page","status-publish","hentry"],"_links":{"self":[{"href":"https:\/\/www.slrd.fr\/wordpress\/wp-json\/wp\/v2\/pages\/28","targetHints":{"allow":["GET"]}}],"collection":[{"href":"https:\/\/www.slrd.fr\/wordpress\/wp-json\/wp\/v2\/pages"}],"about":[{"href":"https:\/\/www.slrd.fr\/wordpress\/wp-json\/wp\/v2\/types\/page"}],"author":[{"embeddable":true,"href":"https:\/\/www.slrd.fr\/wordpress\/wp-json\/wp\/v2\/users\/1"}],"replies":[{"embeddable":true,"href":"https:\/\/www.slrd.fr\/wordpress\/wp-json\/wp\/v2\/comments?post=28"}],"version-history":[{"count":9,"href":"https:\/\/www.slrd.fr\/wordpress\/wp-json\/wp\/v2\/pages\/28\/revisions"}],"predecessor-version":[{"id":334,"href":"https:\/\/www.slrd.fr\/wordpress\/wp-json\/wp\/v2\/pages\/28\/revisions\/334"}],"wp:attachment":[{"href":"https:\/\/www.slrd.fr\/wordpress\/wp-json\/wp\/v2\/media?parent=28"}],"curies":[{"name":"wp","href":"https:\/\/api.w.org\/{rel}","templated":true}]}}