{"id":188,"date":"2018-07-04T16:41:59","date_gmt":"2018-07-04T14:41:59","guid":{"rendered":"https:\/\/www.slrd.fr\/wordpress\/?page_id=188"},"modified":"2018-07-04T16:41:59","modified_gmt":"2018-07-04T14:41:59","slug":"big-or-no","status":"publish","type":"page","link":"https:\/\/www.slrd.fr\/wordpress\/big-or-no\/","title":{"rendered":"BIG or NO"},"content":{"rendered":"<p><strong>Big or No <\/strong><\/p>\n<p>Les enfants du monde entier qui le peuvent, envoient 10$ \u00e0 une \u00abstructure\u00bb sp\u00e9cialement cr\u00e9e et contr\u00f4l\u00e9e par l\u2019ONU. (Ou toute autre entit\u00e9 indiscutable) Le but de cette op\u00e9ration est de sauver les \u00e9l\u00e9phants, des Kalachnikov des braconniers.<\/p>\n<p>Elle d\u00e9butera, comme un test dans un des pays africain o\u00f9 s\u00e9vit dramatiquement le braconnage Cinq des ces 10$ servent \u00e0 confectionner et \u00e0 distribuer un cartable contenant des fournitures scolaires\u00a0 et du mat\u00e9riel didactique sur le respect d\u00fb aux animaux.<\/p>\n<p>Les cinq autres sont consacr\u00e9s \u00e0 la logistique de l\u2019op\u00e9ration\u00a0: Au sol circule un (ou plusieurs) camions ateliers\/vid\u00e9o \u00a0en liaison satellite\u00a0 avec les donateurs qui peuvent ainsi suivre l\u2019avanc\u00e9e des travaux en direct (par antenne satellite, photos, commentaires, situation GPS, g\u00e9od\u00e9sique Google Earth \u00a0etc.)<\/p>\n<p>Ces V\u00e9hicules ont embarqu\u00e9 un drone qui non seulement transmet des images, mais\u00a0 permet de survoler silencieusement les \u00e9l\u00e9phants porteurs d\u2019ivoire et de leur tirer une fl\u00e9chette hypodermique. Ces fl\u00e9chettes comportent une mini balise aidera \u00e0 retrouver le troupeau ou les fl\u00e9chettes vides.<\/p>\n<p>L\u2019\u00e9l\u00e9phant endormi, les dentistes interviennent avec un outil qui coupe, sans douleur, les d\u00e9fenses au ras du nerf. Un produit cicatrisant et appliqu\u00e9 et l\u2019\u00e9l\u00e9phant aussit\u00f4t r\u00e9veill\u00e9. Il est d\u00e9sormais sauv\u00e9 puisqu\u2019il n\u2019a plus d\u2019int\u00e9r\u00eat pour les braconniers.<\/p>\n<p>Chaque d\u00e9fense est grav\u00e9e sur place aux donn\u00e9es GPS Cet ivoire est stock\u00e9 dans un coffre blind\u00e9, sous la surveillance de l\u2019ONU Il est exp\u00e9di\u00e9 au centre de transformation ou il va \u00eatre coup\u00e9 en m\u00e9dailles ovale de 3cm et 2mm d\u2019\u00e9paisseur sur laquelle sera grav\u00e9e les coordonn\u00e9es GPS d\u2019un c\u00f4t\u00e9 et le non du g\u00e9n\u00e9reux sauveur de l\u2019autre.<\/p>\n<p>Ainsi chaque enfant pourra se souvenir et montrer \u00e0 ses amis sur son ordinateur le lieu exact et des images de l\u2019action que son don de 10$ a permis. Ainsi que l\u2019\u00e9mouvante m\u00e9daille grav\u00e9e \u00e0 son nom.<\/p>\n<p>Les d\u00e9fenses, bien que parfois utiles pour aider la trompe \u00e0 soulever ou plier la v\u00e9g\u00e9tation \u00a0ne sont importantes que pour les m\u00e2les, les femelle n\u2019en ayant que de petites et souvent tardivement dans leur vie. Les \u00e9l\u00e9phants d\u2019Asie n\u2019en ayant plus, pour d\u2019autres raisons. Ce petit \u00ab\u00a0arrachage de dents\u00a0\u00bb aura permis le sauvetage de l\u2019esp\u00e8ce dans les corps duquel les braconniers africains vident actuellement les chargeurs de l\u2019omnipr\u00e9sente Kalachnikov en Afrique.<\/p>\n<p><u>Commentaires\u00a0: <\/u><\/p>\n<p>En cas de besoin et sans qu\u2019ils interf\u00e8rent d\u2019une quelconque fa\u00e7on, d\u2019innombrables m\u00e9c\u00e8nes (soci\u00e9t\u00e9s, priv\u00e9s, chasseurs) auront \u00e0 c\u0153ur de soutenir financi\u00e8rement, cette spectaculaire op\u00e9ration.men\u00e9e sur un continent entier.<\/p>\n<p>Une action similaire a d\u00e9j\u00e0 eu lieu ponctuellement sur certains rhinoc\u00e9ros Sud Africains qui ne s\u2019en portent que mieux\u2026<\/p>\n<p>L\u2019opinion publique mondiale qui se lamente depuis un si\u00e8cle sur le sort de ces pachydermes aura pour la premi\u00e8re fois la possibilit\u00e9 d\u2019agir concr\u00e8tement et de voir les r\u00e9sultats. Convaincue par ces retours d\u2019exp\u00e9riences en direct, elle aura pour la premi\u00e8re fois le contr\u00f4le d\u2019une action jusque-l\u00e0 utopique. Les associations de d\u00e9fense des animaux seront, elles aussi, forc\u00e9ment en faveur de cette action\u2026quand elles en auront r\u00e9alis\u00e9 l\u2019int\u00e9r\u00eat<\/p>\n<p>Les responsables des pays africains o\u00f9 seront men\u00e9es ces actions anti braconnage auront \u00e0 c\u0153ur de d\u00e9ployer leurs forces contre ce qui pourrait devenir le \u00ab\u00a0braconnage de la derni\u00e8re chance\u00a0\u00bb, entrepris par les braconniers avant qu\u2019il ne soit trop tard. pour eux. Cela au passage \u00e9duquera l\u2019arm\u00e9e et les pays asiatiques qui sont les principaux pourvoyeurs de Kalachnikov en leur montrant que leurs op\u00e9rations de braconnages sont bel et bien termin\u00e9es, faute de \u00ab\u00a0produit\u00a0\u00bb.<\/p>\n<p>Le v\u00e9hicule enverra des petits films de quelques minutes au centre qui y ajoutera la photo du \u00ab\u00a0sauveur\u00a0\u00bb les coordonn\u00e9es GPS o\u00f9 l\u2019action a eu lieu et en lui annon\u00e7ant sur son Email que sa m\u00e9daille est en cours de\u00a0 fabrication et qu\u2019elle lui sera exp\u00e9di\u00e9e sous peu par courrier recommand\u00e9.<\/p>\n<p>Ce pr\u00e9l\u00e8vement qui n\u2019aura pas co\u00fbt\u00e9 la vie d\u2019un l\u2019\u00e9l\u00e9phant, au contraire, aura sur les braconniers et les nombreux interm\u00e9diaires de cette fili\u00e8re un effet beaucoup plus efficace que le sinistre broyage des prises douani\u00e8res sous la tour Eiffel, Dont ils n\u2019ont sans doute m\u00eame pas entendu parler.<\/p>\n<p>Cette choquante op\u00e9ration a sans doute \u00e0 contrario soulign\u00e9 la rar\u00e9faction de l\u2019ivoire et acc\u00e9l\u00e9r\u00e9 la cupidit\u00e9 du trafic. La valeur marchande de l\u2019ivoire est telle d\u00e9sormais et elle ira en augmentant, qu\u2019aucune mesure didactique, p\u00e9dagogique ou autre n\u2019aura d\u2019effets sur une population qui \u00e0 la certitude que <u>sa faune<\/u> est sans limites. Seule la suppression du produit peut stopper la cupidit\u00e9 des uns et la fiert\u00e9 des acheteurs\u2026.Il est donc grand temps que les sceaux chinois soient fabriqu\u00e9s en plastique\u00a0; mais ils ne le seront que le jour o\u00f9 l\u2019ivoire ne sera plus disponible.<\/p>\n<p>Une mini balise pourra \u00eatre install\u00e9e par le \u00ab\u00a0dentiste\u00a0\u00bb qui permettra de donner des bonnes nouvelles de \u00ab\u00a0son \u00e9l\u00e9phant\u00a0\u00bb ou \u00e0 des scientifiques de mener des \u00e9tudes sur toute la population. L\u2019int\u00e9r\u00eat du drone lanceur de fl\u00e9chette est son cout ainsi que son silence, \u00e9vitant ainsi la \u00ab\u00a0corrida\u00a0\u00bb des h\u00e9licopt\u00e8res.<\/p>\n<p>Les \u00a0chasseurs \u00ab\u00a0Safaristes\u00a0\u00bb qui paient des fortunes pour tuer un \u00e9l\u00e9phant vont avoir l\u00e0 aussi une nouvelle fa\u00e7on de chasser\u2026ils vont payer et participer \u00e0 l\u2019une de ces captures et ainsi pratiquer le No Kill que font d\u00e9sormais la majorit\u00e9 des p\u00eacheurs. Ils auront droit \u00e0 10cm de la pointe d\u2019une d\u00e9fense, grav\u00e9e, honorable, facile \u00e0 conserver, mat\u00e9rialisant la \u00ab\u00a0chasse\u00a0\u00bb \u00e0 laquelle ils auront particip\u00e9.<\/p>\n<p>Ce discret souvenir leur \u00e9vitera le regret que nous avons tous lorsque l\u2019animal est mort, avouons-le \u2026pour un troph\u00e9e encombrant Bien des d\u00e9tails restent \u00e0 r\u00e9gler, bien \u00e9videment mais les m\u00e9dias auront t\u00f4t fait d\u2019en acc\u00e9l\u00e9rer la mise en \u0153uvre\u00a0 puisque tous les \u00e9l\u00e9ments, techniques ou politiques, existent d\u00e9j\u00e0 et qu\u2019il n\u2019y a plus qu\u2019a faire de cette belle id\u00e9e le feuilleton que les t\u00e9l\u00e9spectateurs du monde entier. Attendent de tout c\u0153ur.<\/p>\n<p>__________________<\/p>\n","protected":false},"excerpt":{"rendered":"<p>Big or No Les enfants du monde entier qui le peuvent, envoient 10$ \u00e0 une \u00abstructure\u00bb sp\u00e9cialement cr\u00e9e et contr\u00f4l\u00e9e par l\u2019ONU. (Ou toute autre entit\u00e9 indiscutable) Le but de cette op\u00e9ration est de sauver les \u00e9l\u00e9phants, des Kalachnikov des braconniers. Elle d\u00e9butera, comme un test dans un des pays africain o\u00f9 s\u00e9vit dramatiquement le &hellip; <a href=\"https:\/\/www.slrd.fr\/wordpress\/big-or-no\/\" class=\"more-link\">Continuer la lecture de <span class=\"screen-reader-text\">BIG or NO<\/span>  <span class=\"meta-nav\">&rarr;<\/span><\/a><\/p>\n","protected":false},"author":1,"featured_media":0,"parent":0,"menu_order":0,"comment_status":"closed","ping_status":"closed","template":"","meta":{"footnotes":""},"class_list":["post-188","page","type-page","status-publish","hentry"],"_links":{"self":[{"href":"https:\/\/www.slrd.fr\/wordpress\/wp-json\/wp\/v2\/pages\/188","targetHints":{"allow":["GET"]}}],"collection":[{"href":"https:\/\/www.slrd.fr\/wordpress\/wp-json\/wp\/v2\/pages"}],"about":[{"href":"https:\/\/www.slrd.fr\/wordpress\/wp-json\/wp\/v2\/types\/page"}],"author":[{"embeddable":true,"href":"https:\/\/www.slrd.fr\/wordpress\/wp-json\/wp\/v2\/users\/1"}],"replies":[{"embeddable":true,"href":"https:\/\/www.slrd.fr\/wordpress\/wp-json\/wp\/v2\/comments?post=188"}],"version-history":[{"count":1,"href":"https:\/\/www.slrd.fr\/wordpress\/wp-json\/wp\/v2\/pages\/188\/revisions"}],"predecessor-version":[{"id":189,"href":"https:\/\/www.slrd.fr\/wordpress\/wp-json\/wp\/v2\/pages\/188\/revisions\/189"}],"wp:attachment":[{"href":"https:\/\/www.slrd.fr\/wordpress\/wp-json\/wp\/v2\/media?parent=188"}],"curies":[{"name":"wp","href":"https:\/\/api.w.org\/{rel}","templated":true}]}}