{"id":127,"date":"2018-06-27T15:03:05","date_gmt":"2018-06-27T13:03:05","guid":{"rendered":"http:\/\/www.slrd.fr\/wordpress\/?page_id=127"},"modified":"2018-06-28T21:10:23","modified_gmt":"2018-06-28T19:10:23","slug":"french-soup","status":"publish","type":"page","link":"https:\/\/www.slrd.fr\/wordpress\/french-soup\/","title":{"rendered":"French Soup"},"content":{"rendered":"<p>La <strong><em>FrenchSoupe<\/em><\/strong> aux 10 l\u00e9gumes<\/p>\n<p>Puisque tous les di\u00e9t\u00e9ticiens du monde conseillent d\u2019en manger 5 par jours, La France, gr\u00e2ce \u00e0 sa tradition culinaire et \u00e0 son territoire, \u00a0nous a confectionn\u00e9 une soupe de dix l\u00e9gumes, qui a toutes les qualit\u00e9s.<br \/>\nQui aurait la patience d\u2019\u00e9plucher 10 l\u00e9gumes pour faire une soupe\u00a0?<\/p>\n<p>Ces 10 l\u00e9gumes bios sont tous produits en France, sous une charte de qualit\u00e9 tr\u00e8s stricte.<br \/>\nLa recette, pourtant simple, \u00a0est compos\u00e9e par un de nos chefs \u00a0\u00e9toil\u00e9 (Thierry Marx serait l\u2019id\u00e9al compte tenu de ses nombreuses recherches culinaires.<\/p>\n<p>L\u2019appellation d\u2019origine, la recette, le contr\u00f4le de ses unit\u00e9s de production, assurent aux maraichers fran\u00e7ais une stabilit\u00e9 des prix et l\u2019assurance du d\u00e9bouch\u00e9.<br \/>\nLorsque ce produit sera c\u00e9l\u00e8bre et que sa demande mondiale sera assur\u00e9e, certains cultivateurs fran\u00e7ais s\u2019orienteront vers la mono culture de l\u2019un des 10 l\u00e9gumes.<\/p>\n<p><img loading=\"lazy\" decoding=\"async\" class=\" wp-image-144 alignright\" src=\"http:\/\/www.slrd.fr\/wordpress\/wp-content\/uploads\/2018\/06\/soupe1.png\" alt=\"\" width=\"457\" height=\"334\" srcset=\"https:\/\/www.slrd.fr\/wordpress\/wp-content\/uploads\/2018\/06\/soupe1.png 573w, https:\/\/www.slrd.fr\/wordpress\/wp-content\/uploads\/2018\/06\/soupe1-300x219.png 300w\" sizes=\"auto, (max-width: 457px) 100vw, 457px\" \/>Cuits dans de gigantesques marmites \u00e0 la forme inspir\u00e9e de cette soupi\u00e8re \u00a0\u00ab\u00a0\u00e0 l\u2019ancienne\u00a0\u00bb.<\/p>\n<p>\u00a0La <strong><em>FrenchSoupe<\/em><\/strong> est pr\u00e9sent\u00e9e dans un mini pot, lui aussi ressemblant \u00e0 cette soupi\u00e8re, qui contient 50 \u00ab\u00a0pastilles de soupe\u00bb. Cela \u00e9quivaut \u00e0 1 repas (le bol de bonne soupe traditionnelle de nos anciens) .<br \/>\nCes 50 pastilles vertes (semblables au mini m&amp;m) ne repr\u00e9sentent que 20% du volume de la soupe, puisque les l\u00e9gumes contiennent en g\u00e9n\u00e9ral 80% d\u2019eau.<\/p>\n<p>Les di\u00e9t\u00e9ticiens calculeront les KG\/calories et ainsi le nombre de <strong><em>FrenchSoupe<\/em><\/strong> changera pour un repas d\u2019adulte, en fonction du poids que l\u2019on veut retrouver ou atteindre.<br \/>\nViendront ensuite de nombreux tests et \u00e9tudes de di\u00e9t\u00e9ticiens, de savants, de professeurs, qui prendront le temps n\u00e9cessaire pour v\u00e9rifier que l\u2019absorption de ces 10 l\u00e9gumes donne bien les r\u00e9sultats que des g\u00e9n\u00e9rations de di\u00e9t\u00e9ticiens et de m\u00e9decins nous ont prescrit\u00a0 : &#8211; <em>Mangez au moins 5 l\u00e9gumes par jour\u00a0!<\/em><\/p>\n<p>Il est possible qu\u2019un des l\u00e9gumes pose probl\u00e8me et soit remplac\u00e9 par un autre.<\/p>\n<p>Par exemple, nous s\u00e9lectionnerons 12 l\u00e9gumes pour en supprimer les 2 contenant le plus de sucre (puisque c\u2019est l\u2019ennemi num\u00e9ro un de nos r\u00e9gimes) et ainsi bien montrer que la<strong><em> FrenchSoupe<\/em><\/strong>\u00a0\u00a0 est particuli\u00e8rement surveill\u00e9e (Bio \u2013 sucre \u2013 sel \u2013 fraicheur \u2013 engagement des maraichers \u2013 process d\u2019atomisation \u2026etc.)<\/p>\n<p><img loading=\"lazy\" decoding=\"async\" class=\"size-full wp-image-138 aligncenter\" src=\"http:\/\/www.slrd.fr\/wordpress\/wp-content\/uploads\/2018\/06\/soupe2-1.png\" alt=\"\" width=\"542\" height=\"349\" srcset=\"https:\/\/www.slrd.fr\/wordpress\/wp-content\/uploads\/2018\/06\/soupe2-1.png 542w, https:\/\/www.slrd.fr\/wordpress\/wp-content\/uploads\/2018\/06\/soupe2-1-300x193.png 300w\" sizes=\"auto, (max-width: 542px) 100vw, 542px\" \/><\/p>\n<p><u>Nota\u00a01<\/u>\u00a0: Pour \u00e9viter tout rejet de principe (nous sommes un peuple de gastronomes r\u00e2leurs et contestataires\u00a0!!!) <em>FrenchSoupe <\/em>ne r\u00e9pond en premier qu\u2019aux situations indiscutables\u2026 La qualit\u00e9 et les t\u00e9moignages assureront sa p\u00e9rennit\u00e9 et son expansion.<\/p>\n<p><u>Nota 2\u00a0<\/u>: \u00a0\u00a0la <strong><em>FrenchSoupe<\/em><\/strong> ne remplace, bien \u00e9videment,\u00a0 pas tous les repas. Elle ne sera consomm\u00e9e, par exemple qu\u2019une fois par mois ou par semaine ou \u00e0 une occasion pr\u00e9cise et ce sera suffisant pour qu\u2019elle remplisse son r\u00f4le et devienne le \u00ab\u00a0d\u00e9pannage\u00a0\u00bb toujours \u00e0 port\u00e9e de main.<\/p>\n<p><u>Nota 3<\/u>\u00a0: 15 <strong><em>FrenchSoupe<\/em><\/strong> dans une casserole d\u2019eau chaude reconstitue la m\u00eame soupe aux 10 l\u00e9gumes et le consommateur se convaincra tout seul\u00a0!<\/p>\n<p><em>La <strong>\u00a0<\/strong><\/em><strong><em>FrenchSoupe<\/em><\/strong> va permettre de s\u2019alimenter sainement dans mille et une situations<\/p>\n<p>-Ceux qui n\u2019ont pas le temps de s\u2019attabler \u2026surtout devant un \u00abHamburger\u00bb.<br \/>\n-Ceux qui sont anti-\u00ab\u00a0mal bouffe\u00a0\u00bb et qui n\u2019ont pas toujours de solution pratique.<br \/>\n-Ceux qui veulent manger sain selon les prescriptions de leur m\u00e9decin.<br \/>\n-Ceux qui regardent la t\u00e9l\u00e9.<br \/>\n-Ceux qui meurent de faim lors des catastrophes du monde (Les <strong><em>FrenchSoupe<\/em><\/strong> \u00a0peuvent\u00a0 \u00eatre parachut\u00e9es en urgence)*<em>voir (1)<br \/>\n<\/em>-Ceux, d\u2019autres pays, que cette originale \u00ab\u00a0<strong><em>FrenchSoupe<\/em><\/strong>\u00a0\u00bb aura convaincu<br \/>\n-Ceux qui veulent faire des \u00e9conomies (cette pr\u00e9paration revient bien moins ch\u00e8re qu\u2019un repas pr\u00e9par\u00e9 et une brique de 1 litre de soupe de seulement 4 l\u00e9gumes co\u00fbte 50 Euro sur <em>Amazon<\/em>)<br \/>\n-Ceux qui veulent maigrir en r\u00e9duisant le nombre de pastilles de <strong><em>FrenchSoupe<\/em><\/strong> de leur repas.<br \/>\n&#8211; Ceux qui n\u2019ont pas le temps d\u2019acheter et d\u2019\u00e9plucher les 10 l\u00e9gumes.<br \/>\n&#8211; Ceux qui conduisent, ou pr\u00e9parent une r\u00e9union\u2026ou qui sont dans un taxi<br \/>\n-Les sportifs\u2026<br \/>\n-Etc.<\/p>\n<p>Tous deviendront d\u2019ardents promoteurs, convaincus qu\u2019ils pr\u00e9conisent un aliment particuli\u00e8rement sain et nutritif.<\/p>\n<p>La promotion (plv &amp; publicit\u00e9) est tr\u00e8s visuelle donc tr\u00e8s simple.<br \/>\n\u00a0\u00a0\u00a0\u00a0 En haut 10 dessins de l\u00e9gumes pr\u00e9sent\u00e9s en \u00e9ventail<br \/>\n\u00a0\u00a0\u00a0\u00a0 En dessous une marmite noire sur laquelle \u00a0est grav\u00e9e <strong><em>FrenchSoupe<\/em><\/strong>\u00a0 en blanc:<\/p>\n<p>De la marmite \u00a0coulent quelques <strong><em>FrenchSoupe<\/em><\/strong><em>. <\/em>(Le message est clair\u00a0: l\u2019eau a disparu, mais les 10 l\u00e9gumes sont toujours l\u00e0).<\/p>\n<p>Le conditionnement reprend tout ou partie de ce visuel <br \/>\nLe bol de consommation ressemble \u00e0 la marmite noire comme celle qui mitonnait des heures au coin du feu de nos grand\u2019m\u00e8res. Le bol est ferm\u00e9 sous vide par un bouchon \u00e0 vis qui fait pschitt quand le consommateur l\u2019ouvre (facilement\u00a0!) et que l\u2019air revient sur les pastilles de la <strong><em>FrenchSoupe.<\/em><\/strong><\/p>\n<p>Il mesure \u00a06 cm de diam\u00e8tre, pour permettre de saisir les pastilles facilement. Le socle \u00e9tanche, est constitu\u00e9 d\u2019un second bouchon qui donne acc\u00e8s \u00e0 4 pastilles de menthe\u2026d\u2019apr\u00e8s repas.<\/p>\n<p>La communication m\u00e9diatique est suffisamment explicite et simple qu\u2019elle peut s\u2019exprimer par un film Tv de 10 ou 15 secondes, par un message ultra court de sponsorisation ou un affichage et bien entendu, sur les cartons dispos\u00e9s sur les \u00e9tag\u00e8res des Supermarch\u00e9s ou les \u00e9tals des march\u00e9s. Ce mode de consommation hygi\u00e9nique \u00e9tant valorisant (pour les animateurs ou les sportifs), la \u00abmarmite \u00e0 soupe\u00a0\u00bb aura vite fait d\u2019attirer l\u2019attention des t\u00e9l\u00e9spectateurs,<\/p>\n<p>De m\u00eame ces <strong><em>\u00ab\u00a0pilules\u00a0\u00bb\u00a0 <\/em><\/strong>\u00a0vert clair et donc de couleur originale mais app\u00e9tante\u00a0 attireront les cam\u00e9ras. Ce mode de consommation est hygi\u00e9nique et valorisant\u00a0 (Je m\u2019alimente di\u00e9t\u00e9tiquement\u00a0!)\u00a0 Les m\u00e9decins seront \u00e9videment des pr\u00e9conisateurs, leur avis (et leurs conseils) sont essentiels.<\/p>\n<p><strong><u>Conditionnement\u00a0: Option encrier transparent<\/u><\/strong><\/p>\n<p><img loading=\"lazy\" decoding=\"async\" class=\"size-full wp-image-139 aligncenter\" src=\"http:\/\/www.slrd.fr\/wordpress\/wp-content\/uploads\/2018\/06\/soupe3-1.png\" alt=\"\" width=\"888\" height=\"541\" srcset=\"https:\/\/www.slrd.fr\/wordpress\/wp-content\/uploads\/2018\/06\/soupe3-1.png 888w, https:\/\/www.slrd.fr\/wordpress\/wp-content\/uploads\/2018\/06\/soupe3-1-300x183.png 300w, https:\/\/www.slrd.fr\/wordpress\/wp-content\/uploads\/2018\/06\/soupe3-1-768x468.png 768w\" sizes=\"auto, (max-width: 888px) 100vw, 888px\" \/><\/p>\n<p>L\u2019affichage des composants et leur valeur \u00e9nerg\u00e9tique est tr\u00e8s r\u00e8glement\u00e9 et n\u00e9cessite des \u00e9tiquettes tr\u00e8s pr\u00e9cises.<\/p>\n<p>Le bouchon principal, viss\u00e9 sous vide fait pschitt quand on le d\u00e9visse.<\/p>\n<p>Le petit bouchon sup\u00e9rieur donne acc\u00e8s \u00e0 un compartiment \u00e9tanche contenant des pastilles de menthe.<\/p>\n<p>Les 2 faces de l\u2019encrier seront beaucoup plus lisibles que la marmite noire suivante<\/p>\n<p><strong><u>Conditionnement: Option Marmite noire<\/u><\/strong><\/p>\n<p><img loading=\"lazy\" decoding=\"async\" class=\"alignnone size-full wp-image-142\" src=\"http:\/\/www.slrd.fr\/wordpress\/wp-content\/uploads\/2018\/06\/soupe4-1.png\" alt=\"\" width=\"965\" height=\"624\" srcset=\"https:\/\/www.slrd.fr\/wordpress\/wp-content\/uploads\/2018\/06\/soupe4-1.png 965w, https:\/\/www.slrd.fr\/wordpress\/wp-content\/uploads\/2018\/06\/soupe4-1-300x194.png 300w, https:\/\/www.slrd.fr\/wordpress\/wp-content\/uploads\/2018\/06\/soupe4-1-768x497.png 768w\" sizes=\"auto, (max-width: 965px) 100vw, 965px\" \/><\/p>\n<p>La consommation peut se faire de plusieurs fa\u00e7ons\u00a0:<\/p>\n<p>-On croque les <strong><em>FrenchSoupe<\/em><\/strong> et on boit une gorg\u00e9e d\u2019eau\u00a0\u00a0\u00a0\u00a0\u00a0<br \/>\n-On suce les <strong><em>FrenchSoupe<\/em><\/strong> et on boit une gorg\u00e9e d\u2019eau<br \/>\n-On avale les <strong><em>FrenchSoupe<\/em><\/strong>, avec un peu d\u2019eau<br \/>\n-On laisse tremper les <strong><em>FrenchSoupe<\/em><\/strong> dans de l\u2019eau froide (Gazpacho)<br \/>\n-On chauffe les <strong><em>FrenchSoupe<\/em><\/strong> dans un peu d\u2019eau (soupe traditionnelle)<br \/>\n-On s\u2019en sert comme d\u2019un fond de sauce de l\u00e9gumes \u2026surtout les chefs \u00e0 la t\u00e9l\u00e9\u00a0!<\/p>\n<p>La France, pays de la gastronomie et de production agricole, rassurera les \u00e9ventuels consommateurs.<\/p>\n<p>Un carton d\u2019exp\u00e9dition de 6 bols est vendu directement sur internet <a href=\"http:\/\/www.frenchsoup.com\">www.frenchsoup.com<\/a> par la coop\u00e9rative des maraichers qui cultivent les l\u00e9gumes \u00a0ou sur Amazon.<\/p>\n<p>Cette coop\u00e9rative a cr\u00e9\u00e9 une association de jeunes cultivateurs qui g\u00e8rent et d\u00e9veloppent la cuisson et la production de la <strong><em>FrenchSoupe<\/em><\/strong>.<\/p>\n<p>Les grandes surfaces le commercialisent (ou pas\u00a0!) au prix d\u00e9fini par cette association.<\/p>\n<p>L\u2019association <strong><em>French Soup<\/em><\/strong> appartient aux jeunes agriculteurs et \u00e0 ceux qui d\u00e9sirent en \u00eatre actionnaires (c\u2019est la participation du g\u00e9n\u00e9ral de Gaulle)<\/p>\n<p>Ainsi tous sont motiv\u00e9s et responsables.<\/p>\n<p>Une banque comme le CIC qui n\u2019a pas d\u2019attaches agricoles particuli\u00e8res permet \u00e0 tous de \u00ab\u00a0partir d\u2019une page blanche\u00a0\u00bb. La destin\u00e9e de cette aventure est tributaire de leur enthousiasme et de leur ardeur.<\/p>\n<p>Entre le Bio, leur jeunesse, la vente directe aux consommateurs, une nouvelle approche du rapport avec les consommateurs est en marche.<\/p>\n<p>L\u2019usine sera con\u00e7ue pour permettre sa visite par tous ceux que cela int\u00e9resse et qui viendront gouter, se convaincre et acheter des sachets et des pots. Ce type d\u2019op\u00e9ration v\u00e9rit\u00e9 devra \u00eatre la constante pour balayer les critiques qui ne manqueront pas\u2026dans notre beau pays gastronomique\u00a0! Des briques de cette m\u00eame soupe sont vendues \u00e0 titre de d\u00e9gustation et de comparaison avec les <strong><em>FrenchSoupe<\/em><\/strong>.<\/p>\n<p>Des mini berlingots de d\u00e9gustation sont offerts au salon de l\u2019agriculture ou sur les march\u00e9s, par les agriculteurs qui cultivent un des l\u00e9gumes<\/p>\n<p>La soupi\u00e8re noire,\u00a0 chauff\u00e9e, tr\u00f4nera sur les \u00e9tals des marchands de l\u00e9gumes et des mini bols ainsi qu\u2019une cuill\u00e8re jetable permettent une d\u00e9gustation sur place<\/p>\n<p>Bien des d\u00e9tails techniques et industriels restent \u00e0 r\u00e9soudre, mais l\u00e0 aussi personne ne doutera que la Soci\u00e9t\u00e9 <strong><em>\u00a0<\/em><\/strong>( ce groupement de jeunes agriculteurs) \u00a0qui produira la <strong><em>FrenchSoupe<\/em><\/strong> n\u2019en soit pas capable\u2026.<\/p>\n<p><em>1<\/em><em>\u00a0\u00a0\u00a0 Qu\u2019une catastrophe mondiale se produise (tremblement de terre, inondation, guerre etc.)\u2026<\/em><\/p>\n<p><em>\u2026 et les enfants de monde se mobilisent\u00a0:<\/em><\/p>\n<p><em>Ils vont sur le site <\/em><a href=\"http:\/\/www.soupe.gouv\"><em>www.soupe.gouv<\/em><\/a><em> et offrent par carte bancaire 5 ou 10 $ (ou \u20ac).<\/em><\/p>\n<p><em>Ils verront sur les \u00e9crans du monde et sur les r\u00e9seaux sociaux, \u00a0le parachutage en pluie de blisters explicatifs contenant le repas salvateurs.<\/em><\/p>\n<p><em>Ils sauront que leur obole est imm\u00e9diatement arriv\u00e9e o\u00f9 il fallait et sans interm\u00e9diaires\u2026<\/em><\/p>\n<p><em>Le site leur offrira, \u00e0 leur nom, une photo d\u2019un des parachutages sous-titr\u00e9e de leur nom de g\u00e9n\u00e9reux donateur, \u00e0 imprimer et \u00e0 placarder au mur de leur chambre d\u2019ado.<\/em><\/p>\n<p style=\"text-align: center;\">Serge Lecacheur<br \/>\n<em>Donneur d\u2019id\u00e9es<br \/>\n<\/em>Les Hautes Bondes<br \/>\n45420 Dammarie en Puisaye<br \/>\n<a href=\"mailto:serge@sangliere.net\">serge@sangliere.net<\/a><br \/>\n02 38 29 64 64<\/p>\n<p>PS\u00a0pour r\u00e9sumer\u00a0:<\/p>\n<p>Ce projet est un projet qui porte des valeurs fortes qu\u2019il convient de bien identifier\u00a0:<\/p>\n<p><strong>C\u2019est d\u2019abord un projet qui repose sur une tradition<\/strong> fran\u00e7aise\u00a0:la soupe.<\/p>\n<p>La France est en effet le pays de la gastronomie et d\u00e9veloppe \u00e0 l\u2019international ce savoir-faire.<\/p>\n<p>Ce savoir-faire aura \u00e0 valoriser la simplicit\u00e9 du produit.<\/p>\n<p>\u00a0La France est aussi un pays de production agricole, production qui \u00e9volue \u00e0 grands pas vers le mode \u00ab\u00a0bio\u00a0\u00bb<\/p>\n<p><strong>C\u2019est ensuite un projet de modernit\u00e9<\/strong> qui cr\u00e9e une passerelle entre notre culture (dans les deux sens du terme) bas\u00e9e sur la transmission, et le monde actuel qui bouleverse en permanence les habitudes de vie et d\u2019alimentation. Il est donc con\u00e7u pour adapter un produit du pass\u00e9 au mode de vie tr\u00e9pidant de notre si\u00e8cle qui impose souvent des contraintes de temps et emp\u00eache de ce fait une alimentation saine et \u00e9quilibr\u00e9e.<\/p>\n<p>La commercialisation se fera par internet, par Amazon, par grande surface ou, de pr\u00e9f\u00e9rence, en vente directe.<\/p>\n<p><strong>C\u2019est enfin un projet participatif<\/strong>\u00a0: une coop\u00e9rative de mara\u00eechers, comme il en existe de nombreuses en France ,fournira les l\u00e9gumes\u00a0s\u00e9lectionn\u00e9s pour la FrenchSoupe.<\/p>\n<p>Une association de jeunes cultivateurs devra \u00eatre cr\u00e9\u00e9e pour g\u00e9rer et d\u00e9velopper la production de la <strong><em>FrenchSoupe<\/em><\/strong>.<\/p>\n<p>Cette association que l\u2019on pourrait d\u00e9nommer <strong><em>French Soupe<\/em><\/strong> appartiendrait \u00e0 ces jeunes agriculteurs et pourrait \u00e9galement accueillir des actionnaires ext\u00e9rieurs.<\/p>\n<p>L\u2019usine de production sera con\u00e7ue pour permettre sa visite par tous et comportera une Boutique pour que les visiteurs puissent go\u00fbter, et acheter des sachets et des bols.<\/p>\n<p>Pour conclure, ce projet est une aventure propos\u00e9e aux jeunes agriculteurs.<\/p>\n<p>La destin\u00e9e de cette aventure est tributaire de leur enthousiasme, de leur ardeur et de leur honn\u00eatet\u00e9.<\/p>\n<p>Entre le Bio, leur jeunesse, un produit sp\u00e9cifique au rythme de notre soci\u00e9t\u00e9, la vente directe, ce projet se situe parfaitement dans la nouvelle approche du rapport avec les consommateurs.<\/p>\n","protected":false},"excerpt":{"rendered":"<p>La FrenchSoupe aux 10 l\u00e9gumes Puisque tous les di\u00e9t\u00e9ticiens du monde conseillent d\u2019en manger 5 par jours, La France, gr\u00e2ce \u00e0 sa tradition culinaire et \u00e0 son territoire, \u00a0nous a confectionn\u00e9 une soupe de dix l\u00e9gumes, qui a toutes les qualit\u00e9s. Qui aurait la patience d\u2019\u00e9plucher 10 l\u00e9gumes pour faire une soupe\u00a0? Ces 10 l\u00e9gumes &hellip; <a href=\"https:\/\/www.slrd.fr\/wordpress\/french-soup\/\" class=\"more-link\">Continuer la lecture de <span class=\"screen-reader-text\">French Soup<\/span>  <span class=\"meta-nav\">&rarr;<\/span><\/a><\/p>\n","protected":false},"author":1,"featured_media":0,"parent":0,"menu_order":0,"comment_status":"closed","ping_status":"closed","template":"","meta":{"footnotes":""},"class_list":["post-127","page","type-page","status-publish","hentry"],"_links":{"self":[{"href":"https:\/\/www.slrd.fr\/wordpress\/wp-json\/wp\/v2\/pages\/127","targetHints":{"allow":["GET"]}}],"collection":[{"href":"https:\/\/www.slrd.fr\/wordpress\/wp-json\/wp\/v2\/pages"}],"about":[{"href":"https:\/\/www.slrd.fr\/wordpress\/wp-json\/wp\/v2\/types\/page"}],"author":[{"embeddable":true,"href":"https:\/\/www.slrd.fr\/wordpress\/wp-json\/wp\/v2\/users\/1"}],"replies":[{"embeddable":true,"href":"https:\/\/www.slrd.fr\/wordpress\/wp-json\/wp\/v2\/comments?post=127"}],"version-history":[{"count":11,"href":"https:\/\/www.slrd.fr\/wordpress\/wp-json\/wp\/v2\/pages\/127\/revisions"}],"predecessor-version":[{"id":177,"href":"https:\/\/www.slrd.fr\/wordpress\/wp-json\/wp\/v2\/pages\/127\/revisions\/177"}],"wp:attachment":[{"href":"https:\/\/www.slrd.fr\/wordpress\/wp-json\/wp\/v2\/media?parent=127"}],"curies":[{"name":"wp","href":"https:\/\/api.w.org\/{rel}","templated":true}]}}